{"id":1028,"date":"2019-06-11T09:41:36","date_gmt":"2019-06-11T09:41:36","guid":{"rendered":"https:\/\/themes.getmotopress.com\/luviana\/?page_id=11"},"modified":"2025-06-23T18:30:58","modified_gmt":"2025-06-23T18:30:58","slug":"home","status":"publish","type":"page","link":"https:\/\/www.bergland-ellmau.com\/","title":{"rendered":"Home"},"content":{"rendered":"\n<div class=\"wp-block-getwid-advanced-heading is-style-style-1 has-custom-font-size\" style=\"font-size:12px\"><p class=\"wp-block-getwid-advanced-heading__content\" style=\"letter-spacing:0.1em\"><br><strong>Appartements &amp; Restaurant mit Blick auf den Wilden Kaise<\/strong>r in Ellmau in Tirol<\/p><\/div>\n\n\n\n<div class=\"wp-block-getwid-advanced-heading\" style=\"margin-bottom:30px;margin-top:10px\"><h2 class=\"wp-block-getwid-advanced-heading__content\">Willkommen im Bergland<\/h2><\/div>\n\n\n\n<p>Umrahmt vom <strong>idyllischen Panorama der Tiroler Berge<\/strong> laden das Caf\u00e9-Restaurant Bergland mit seinen gem\u00fctlichen Appartements im Haus sowie weitere Appartements im nahegelegenen Ferienhaus Marianne zum Entspannen vom hektischen Alltag ein. Mit dem <strong>Blick auf den Wilden Kaiser<\/strong> f\u00e4llt das Abschalten besonders leicht.<\/p>\n\n\n\n<p>Ob bei einem frisch gebr\u00fchten Kaffee, unserem \u00fcber die Landesgrenzen hinaus <strong>bekannten und beliebten Kaiserschmarrn<\/strong> oder einem herzhaften Abendessen \u2013 das Bergland bietet das ideale Ambiente, um die Seele baumeln zu lassen.<\/p>\n\n\n\n<p>Unsere <strong>Appartements in Ellmau<\/strong> \u2013 im Hauptgeb\u00e4ude oder im Ferienhaus Marianne \u2013 liegen im Herzen des malerischen Bergdorfs und sind perfekte Orte f\u00fcr eine unbeschwerte Auszeit in Tirol. Zahlreiche Bewegungs- und Ausflugsm\u00f6glichkeiten rund um <strong>Ellmau am Wilden Kaiser<\/strong> sorgen zudem zu jeder Jahreszeit f\u00fcr neue Energie.<\/p>\n\n\n\n<figure class=\"wp-block-image size-full is-style-default\"><img loading=\"lazy\" decoding=\"async\" width=\"1200\" height=\"524\" src=\"https:\/\/www.bergland-ellmau.com\/wp-content\/uploads\/2021\/04\/ofp_bergland-aussen_2-scaled-e1618918636296.jpg\" alt=\"Bergland_Ellmau_Tirol_Restaurant_Haus\" class=\"wp-image-1060\"\/><\/figure>\n\n\n\n<div class=\"wp-block-getwid-section alignfull alignfull\"><div class=\"wp-block-getwid-section__wrapper getwid-padding-top-none getwid-padding-bottom-large getwid-padding-left-medium getwid-padding-right-medium getwid-padding-mobile-left-small getwid-padding-mobile-right-small\"><div class=\"wp-block-getwid-section__inner-wrapper\"><div class=\"wp-block-getwid-section__background-holder\"><div class=\"wp-block-getwid-section__background\"><\/div><div class=\"wp-block-getwid-section__foreground\"><\/div><\/div><div class=\"wp-block-getwid-section__content\"><div class=\"wp-block-getwid-section__inner-content\">\n<div class=\"wp-block-columns has-2-columns is-layout-flex wp-container-core-columns-is-layout-9d6595d7 wp-block-columns-is-layout-flex\">\n<div class=\"wp-block-column is-layout-flow wp-block-column-is-layout-flow\"><\/div>\n\n\n\n<div class=\"wp-block-column is-layout-flow wp-block-column-is-layout-flow\"><\/div>\n<\/div>\n<\/div><\/div><\/div><\/div><\/div>\n\n\n\n<div class=\"wp-block-getwid-section alignfull getwid-margin-top-none getwid-margin-bottom-none\"><div class=\"wp-block-getwid-section__wrapper getwid-padding-top-none getwid-padding-bottom-none getwid-padding-left-medium getwid-padding-right-medium getwid-padding-mobile-left-small getwid-padding-mobile-right-small\"><div class=\"wp-block-getwid-section__inner-wrapper\"><div class=\"wp-block-getwid-section__background-holder\"><div class=\"wp-block-getwid-section__background\" style=\"background-image:url('https:\/\/www.bergland-ellmau.com\/wp-content\/uploads\/2021\/04\/FMP3442-Bearbeitet-scaled.jpg')\"><div class=\"wp-block-getwid-section__background-image-wrapper\"><img decoding=\"async\" class=\"wp-block-getwid-section__background-image\" src=\"https:\/\/www.bergland-ellmau.com\/wp-content\/uploads\/2021\/04\/FMP3442-Bearbeitet-scaled.jpg\" alt=\"\"\/><\/div><\/div><div class=\"wp-block-getwid-section__foreground\"><\/div><\/div><div class=\"wp-block-getwid-section__content\"><div class=\"wp-block-getwid-section__inner-content\">\n<div class=\"wp-block-getwid-section\" style=\"margin-top:-60px;margin-bottom:-60px\"><div class=\"wp-block-getwid-section__wrapper getwid-padding-left-normal getwid-padding-right-normal getwid-padding-mobile-top-medium getwid-padding-mobile-bottom-medium getwid-padding-mobile-left-small getwid-padding-mobile-right-small getwid-margin-tablet-right-none\" style=\"margin-right:50%;padding-top:85px;padding-bottom:100px\"><div class=\"wp-block-getwid-section__inner-wrapper\"><div class=\"wp-block-getwid-section__background-holder\"><div class=\"wp-block-getwid-section__background has-background\" style=\"background-color:#800000\"><\/div><div class=\"wp-block-getwid-section__foreground\"><\/div><\/div><div class=\"wp-block-getwid-section__content\"><div class=\"wp-block-getwid-section__inner-content\">\n<div class=\"wp-block-getwid-advanced-heading is-style-style-1 has-custom-font-size\" style=\"font-size:12px\"><p class=\"wp-block-getwid-advanced-heading__content has-text-color has-white-color\" style=\"letter-spacing:0.1em\">Liebevoll Zubereitetes aus unserer K\u00fcche<\/p><\/div>\n\n\n\n<div class=\"wp-block-getwid-advanced-heading\" style=\"margin-bottom:40px;margin-top:10px\"><h2 class=\"wp-block-getwid-advanced-heading__content has-text-color has-white-color\">Unser Restaurant<\/h2><\/div>\n\n\n\n<p class=\"has-white-color has-text-color\">Genie\u00dfern ist das Cafe Restaurant Bergland ein Begriff. Wir w\u00e4hlen nur die besten Zutaten und bereiten diese mit viel Liebe und Sorgfalt zu bodenst\u00e4ndiger traditioneller Tiroler Hausmannskost und frischen Mehlspeisen. Wobei wir auch gerne auf Ihre individuellen W\u00fcnsche eingehen.<\/p>\n\n\n\n<p class=\"has-white-color has-text-color\">Wir sind stets bem\u00fcht, unseren Werten G\u00e4sten nur die beste Qualit\u00e4t zu bieten und versuchen m\u00f6glichst heimische Produkte in unserer K\u00fcche zu verwenden.<\/p>\n\n\n\n<div class=\"wp-block-buttons is-layout-flex wp-block-buttons-is-layout-flex\">\n<div class=\"wp-block-button\"><a class=\"wp-block-button__link wp-element-button\" href=\"https:\/\/www.bergland-ellmau.com\/index.php\/restaurant-cafe\/\">Mehr Lesen<\/a><\/div>\n<\/div>\n<\/div><\/div><\/div><\/div><\/div>\n<\/div><\/div><\/div><\/div><\/div>\n\n\n\n<div class=\"wp-block-getwid-section alignfull alignfull getwid-margin-bottom-none\"><div class=\"wp-block-getwid-section__wrapper getwid-padding-top-large getwid-padding-bottom-medium getwid-padding-left-medium getwid-padding-right-medium getwid-padding-mobile-left-small getwid-padding-mobile-right-small\"><div class=\"wp-block-getwid-section__inner-wrapper\"><div class=\"wp-block-getwid-section__background-holder\"><div class=\"wp-block-getwid-section__background\"><\/div><div class=\"wp-block-getwid-section__foreground\"><\/div><\/div><div class=\"wp-block-getwid-section__content\"><div class=\"wp-block-getwid-section__inner-content\">\n<div class=\"wp-block-columns has-2-columns is-layout-flex wp-container-core-columns-is-layout-9d6595d7 wp-block-columns-is-layout-flex\">\n<div class=\"wp-block-column is-layout-flow wp-block-column-is-layout-flow\">\n<div class=\"wp-block-getwid-advanced-heading is-style-style-1 has-custom-font-size\" style=\"font-size:12px;margin-bottom:0px\"><p class=\"wp-block-getwid-advanced-heading__content\" style=\"text-transform:uppercase;letter-spacing:0.1em\">Bilder Sagen mehr als tausend worte<\/p><\/div>\n\n\n\n<div class=\"wp-block-getwid-advanced-heading\" style=\"margin-bottom:0px;margin-top:10px\"><h2 class=\"wp-block-getwid-advanced-heading__content\">Unsere Appartements<\/h2><\/div>\n<\/div>\n<\/div>\n\n\n\n<div style=\"height:5px\" aria-hidden=\"true\" class=\"wp-block-spacer\"><\/div>\n\n\n\n<div class=\"wp-block-getwid-images-slider has-arrows-inside has-dots-none is-carousel has-slides-gap-large has-images-center has-cropped-images\"><div class=\"wp-block-getwid-images-slider__wrapper\" data-effect=\"slide\" data-slides-show=\"4\" data-slides-show-laptop=\"2\" data-slides-show-tablet=\"1\" data-slides-show-mobile=\"1\" data-slides-scroll=\"3\" data-autoplay=\"false\" data-pause-hover=\"false\" data-autoplay-speed=\"6000\" data-infinite=\"true\" data-animation-speed=\"800\" data-center-mode=\"false\" data-variable-width=\"false\" data-arrows=\"inside\" data-dots=\"none\" data-spacing=\"large\"><div class=\"wp-block-getwid-images-slider__item\"><a href=\"https:\/\/www.bergland-ellmau.com\/wp-content\/uploads\/2021\/04\/ofp_bergland-aussen_2-scaled-e1618918636296.jpg\"><figure><img loading=\"lazy\" decoding=\"async\" width=\"1200\" height=\"524\" src=\"https:\/\/www.bergland-ellmau.com\/wp-content\/uploads\/2021\/04\/ofp_bergland-aussen_2-scaled-e1618918636296.jpg\" alt=\"Bergland_Ellmau_Tirol_Restaurant_Haus\" data-id=\"1060\" data-link=\"https:\/\/www.bergland-ellmau.com\/index.php\/home\/ofp_bergland-aussen_2\/\" data-original-link=\"https:\/\/www.bergland-ellmau.com\/wp-content\/uploads\/2021\/04\/ofp_bergland-aussen_2-scaled-e1618918636296.jpg\" class=\"wp-block-getwid-images-slider__image wp-image-1060\"\/><\/figure><\/a><\/div><div class=\"wp-block-getwid-images-slider__item\"><a href=\"https:\/\/www.bergland-ellmau.com\/wp-content\/uploads\/2019\/06\/Schlafzimmer-2-App3-scaled-e1618918381392.jpg\"><figure><img loading=\"lazy\" decoding=\"async\" width=\"1200\" height=\"799\" src=\"https:\/\/www.bergland-ellmau.com\/wp-content\/uploads\/2019\/06\/Schlafzimmer-2-App3-scaled-e1618918381392.jpg\" alt=\"Ferienhaus_Bergland_Ellmau_Appartement_3_Schlafzimmer\" data-id=\"1304\" data-link=\"https:\/\/www.bergland-ellmau.com\/index.php\/accommodation\/bergland-appartement-3\/schlafzimmer-2-app3\/\" data-original-link=\"https:\/\/www.bergland-ellmau.com\/wp-content\/uploads\/2019\/06\/Schlafzimmer-2-App3-scaled-e1618918381392.jpg\" class=\"wp-block-getwid-images-slider__image wp-image-1304\"\/><\/figure><\/a><\/div><div class=\"wp-block-getwid-images-slider__item\"><a href=\"https:\/\/www.bergland-ellmau.com\/wp-content\/uploads\/2019\/06\/Wohnzimmer-App-2-scaled-e1618918424378.jpg\"><figure><img loading=\"lazy\" decoding=\"async\" width=\"1200\" height=\"799\" src=\"https:\/\/www.bergland-ellmau.com\/wp-content\/uploads\/2019\/06\/Wohnzimmer-App-2-scaled-e1618918424378.jpg\" alt=\"Ferienhaus_Bergland_Ellmau_Appartement_2_Wohnzimmer\" data-id=\"1299\" data-link=\"https:\/\/www.bergland-ellmau.com\/index.php\/accommodation\/bergland-appartement-2\/wohnzimmer-app-2-2\/\" data-original-link=\"https:\/\/www.bergland-ellmau.com\/wp-content\/uploads\/2019\/06\/Wohnzimmer-App-2-scaled-e1618918424378.jpg\" class=\"wp-block-getwid-images-slider__image wp-image-1299\"\/><\/figure><\/a><\/div><div class=\"wp-block-getwid-images-slider__item\"><a href=\"https:\/\/www.bergland-ellmau.com\/wp-content\/uploads\/2019\/06\/Wohnzimmer-App3-scaled-e1618930111366.jpg\"><figure><img loading=\"lazy\" decoding=\"async\" width=\"800\" height=\"491\" src=\"https:\/\/www.bergland-ellmau.com\/wp-content\/uploads\/2019\/06\/Wohnzimmer-App3-scaled-e1618930111366.jpg\" alt=\"Ferienhaus_Bergland_Ellmau_Appartement_3_Wohnzimmer\" data-id=\"1303\" data-link=\"https:\/\/www.bergland-ellmau.com\/index.php\/accommodation\/bergland-appartement-3\/wohnzimmer-app3-2\/\" data-original-link=\"https:\/\/www.bergland-ellmau.com\/wp-content\/uploads\/2019\/06\/Wohnzimmer-App3-scaled-e1618930111366.jpg\" class=\"wp-block-getwid-images-slider__image wp-image-1303\"\/><\/figure><\/a><\/div><div class=\"wp-block-getwid-images-slider__item\"><a href=\"https:\/\/www.bergland-ellmau.com\/wp-content\/uploads\/2019\/06\/Ku\u0308che-App-3-scaled-e1618918370986.jpg\"><figure><img loading=\"lazy\" decoding=\"async\" width=\"1200\" height=\"799\" src=\"https:\/\/www.bergland-ellmau.com\/wp-content\/uploads\/2019\/06\/Ku\u0308che-App-3-scaled-e1618918370986.jpg\" alt=\"Ferienhaus_Bergland_Ellmau_Appartement_3_Kueche\" data-id=\"1305\" data-link=\"https:\/\/www.bergland-ellmau.com\/index.php\/accommodation\/bergland-appartement-3\/ku%cc%88che-app-3\/\" data-original-link=\"https:\/\/www.bergland-ellmau.com\/wp-content\/uploads\/2019\/06\/Ku\u0308che-App-3-scaled-e1618918370986.jpg\" class=\"wp-block-getwid-images-slider__image wp-image-1305\"\/><\/figure><\/a><\/div><div class=\"wp-block-getwid-images-slider__item\"><a href=\"https:\/\/www.bergland-ellmau.com\/wp-content\/uploads\/2021\/04\/FMP3596-Bearbeitet-scaled-e1618918520360.jpg\"><figure><img loading=\"lazy\" decoding=\"async\" width=\"1200\" height=\"801\" src=\"https:\/\/www.bergland-ellmau.com\/wp-content\/uploads\/2021\/04\/FMP3596-Bearbeitet-scaled-e1618918520360.jpg\" alt=\"Bergland_Ellmau_Tirol_Restaurant_innen_5\" data-id=\"1283\" data-link=\"https:\/\/www.bergland-ellmau.com\/_fmp3596-bearbeitet\/\" data-original-link=\"https:\/\/www.bergland-ellmau.com\/wp-content\/uploads\/2021\/04\/FMP3596-Bearbeitet-scaled-e1618918520360.jpg\" class=\"wp-block-getwid-images-slider__image wp-image-1283\"\/><\/figure><\/a><\/div><div class=\"wp-block-getwid-images-slider__item\"><a href=\"https:\/\/www.bergland-ellmau.com\/wp-content\/uploads\/2021\/04\/FMP3442-Bearbeitet-1-scaled-e1617694837921.jpg\"><figure><img loading=\"lazy\" decoding=\"async\" width=\"1068\" height=\"1068\" src=\"https:\/\/www.bergland-ellmau.com\/wp-content\/uploads\/2021\/04\/FMP3442-Bearbeitet-1-scaled-e1617694837921.jpg\" alt=\"Bergland_Ellmau_Tirol_Restaurant_innen\" data-id=\"1288\" data-link=\"https:\/\/www.bergland-ellmau.com\/_fmp3442-bearbeitet-2\/\" data-original-link=\"https:\/\/www.bergland-ellmau.com\/wp-content\/uploads\/2021\/04\/FMP3442-Bearbeitet-1-scaled-e1617694837921.jpg\" class=\"wp-block-getwid-images-slider__image wp-image-1288\" srcset=\"https:\/\/www.bergland-ellmau.com\/wp-content\/uploads\/2021\/04\/FMP3442-Bearbeitet-1-scaled-e1617694837921.jpg 1068w, https:\/\/www.bergland-ellmau.com\/wp-content\/uploads\/2021\/04\/FMP3442-Bearbeitet-1-scaled-e1617694837921-300x300.jpg 300w, https:\/\/www.bergland-ellmau.com\/wp-content\/uploads\/2021\/04\/FMP3442-Bearbeitet-1-scaled-e1617694837921-1024x1024.jpg 1024w, https:\/\/www.bergland-ellmau.com\/wp-content\/uploads\/2021\/04\/FMP3442-Bearbeitet-1-scaled-e1617694837921-150x150.jpg 150w, https:\/\/www.bergland-ellmau.com\/wp-content\/uploads\/2021\/04\/FMP3442-Bearbeitet-1-scaled-e1617694837921-768x768.jpg 768w, https:\/\/www.bergland-ellmau.com\/wp-content\/uploads\/2021\/04\/FMP3442-Bearbeitet-1-scaled-e1617694837921-992x992.jpg 992w\" sizes=\"auto, (max-width: 1068px) 100vw, 1068px\" \/><\/figure><\/a><\/div><div class=\"wp-block-getwid-images-slider__item\"><a href=\"https:\/\/www.bergland-ellmau.com\/wp-content\/uploads\/2021\/04\/FMP3792-Bearbeitet-scaled-e1618918564392.jpg\"><figure><img loading=\"lazy\" decoding=\"async\" width=\"1200\" height=\"801\" src=\"https:\/\/www.bergland-ellmau.com\/wp-content\/uploads\/2021\/04\/FMP3792-Bearbeitet-scaled-e1618918564392.jpg\" alt=\"Bergland_Ellmau_Tirol_Restaurant_innen_10\" data-id=\"1278\" data-link=\"https:\/\/www.bergland-ellmau.com\/_fmp3792-bearbeitet\/\" data-original-link=\"https:\/\/www.bergland-ellmau.com\/wp-content\/uploads\/2021\/04\/FMP3792-Bearbeitet-scaled-e1618918564392.jpg\" class=\"wp-block-getwid-images-slider__image wp-image-1278\"\/><figcaption class=\"wp-block-getwid-images-slider__caption\">Restaurant &amp; Cafe<\/figcaption><\/figure><\/a><\/div><div class=\"wp-block-getwid-images-slider__item\"><a href=\"https:\/\/www.bergland-ellmau.com\/wp-content\/uploads\/2021\/04\/FMP3516-Bearbeitet-scaled-e1618918496464.jpg\"><figure><img loading=\"lazy\" decoding=\"async\" width=\"1200\" height=\"801\" src=\"https:\/\/www.bergland-ellmau.com\/wp-content\/uploads\/2021\/04\/FMP3516-Bearbeitet-scaled-e1618918496464.jpg\" alt=\"Bergland_Ellmau_Tirol_Restaurant_innen_2\" data-id=\"1286\" data-link=\"https:\/\/www.bergland-ellmau.com\/_fmp3516-bearbeitet\/\" data-original-link=\"https:\/\/www.bergland-ellmau.com\/wp-content\/uploads\/2021\/04\/FMP3516-Bearbeitet-scaled-e1618918496464.jpg\" class=\"wp-block-getwid-images-slider__image wp-image-1286\"\/><\/figure><\/a><\/div><div class=\"wp-block-getwid-images-slider__item\"><a href=\"https:\/\/www.bergland-ellmau.com\/wp-content\/uploads\/2021\/04\/FMP3732-Bearbeitet-scaled-e1618918555196.jpg\"><figure><img loading=\"lazy\" decoding=\"async\" width=\"1200\" height=\"801\" src=\"https:\/\/www.bergland-ellmau.com\/wp-content\/uploads\/2021\/04\/FMP3732-Bearbeitet-scaled-e1618918555196.jpg\" alt=\"Bergland_Ellmau_Tirol_Restaurant_innen_9\" data-id=\"1279\" data-link=\"https:\/\/www.bergland-ellmau.com\/_fmp3732-bearbeitet\/\" data-original-link=\"https:\/\/www.bergland-ellmau.com\/wp-content\/uploads\/2021\/04\/FMP3732-Bearbeitet-scaled-e1618918555196.jpg\" class=\"wp-block-getwid-images-slider__image wp-image-1279\"\/><\/figure><\/a><\/div><div class=\"wp-block-getwid-images-slider__item\"><a href=\"https:\/\/www.bergland-ellmau.com\/wp-content\/uploads\/2021\/04\/FMP3442-Bearbeitet-scaled.jpg\"><figure><img loading=\"lazy\" decoding=\"async\" width=\"2560\" height=\"1709\" src=\"https:\/\/www.bergland-ellmau.com\/wp-content\/uploads\/2021\/04\/FMP3442-Bearbeitet-scaled.jpg\" alt=\"Bergland_Ellmau_Tirol_Restaurant_innen_13\" data-id=\"1065\" data-link=\"https:\/\/www.bergland-ellmau.com\/index.php\/home\/_fmp3442-bearbeitet\/\" data-original-link=\"https:\/\/www.bergland-ellmau.com\/wp-content\/uploads\/2021\/04\/FMP3442-Bearbeitet-scaled.jpg\" class=\"wp-block-getwid-images-slider__image wp-image-1065\" srcset=\"https:\/\/www.bergland-ellmau.com\/wp-content\/uploads\/2021\/04\/FMP3442-Bearbeitet-scaled.jpg 2560w, https:\/\/www.bergland-ellmau.com\/wp-content\/uploads\/2021\/04\/FMP3442-Bearbeitet-300x200.jpg 300w, https:\/\/www.bergland-ellmau.com\/wp-content\/uploads\/2021\/04\/FMP3442-Bearbeitet-1024x684.jpg 1024w, https:\/\/www.bergland-ellmau.com\/wp-content\/uploads\/2021\/04\/FMP3442-Bearbeitet-768x513.jpg 768w, https:\/\/www.bergland-ellmau.com\/wp-content\/uploads\/2021\/04\/FMP3442-Bearbeitet-1536x1025.jpg 1536w, https:\/\/www.bergland-ellmau.com\/wp-content\/uploads\/2021\/04\/FMP3442-Bearbeitet-2048x1367.jpg 2048w, https:\/\/www.bergland-ellmau.com\/wp-content\/uploads\/2021\/04\/FMP3442-Bearbeitet-1170x781.jpg 1170w\" sizes=\"auto, (max-width: 2560px) 100vw, 2560px\" \/><\/figure><\/a><\/div><div class=\"wp-block-getwid-images-slider__item\"><a href=\"https:\/\/www.bergland-ellmau.com\/wp-content\/uploads\/2021\/04\/ofp_bergland-aussen_6-scaled.jpg\"><figure><img loading=\"lazy\" decoding=\"async\" width=\"2560\" height=\"1709\" src=\"https:\/\/www.bergland-ellmau.com\/wp-content\/uploads\/2021\/04\/ofp_bergland-aussen_6-scaled.jpg\" alt=\"Bergland_Ellmau_Tirol_Restaurant_Terrasse\" data-id=\"1061\" data-link=\"https:\/\/www.bergland-ellmau.com\/index.php\/home\/ofp_bergland-aussen_6\/\" data-original-link=\"https:\/\/www.bergland-ellmau.com\/wp-content\/uploads\/2021\/04\/ofp_bergland-aussen_6-scaled.jpg\" class=\"wp-block-getwid-images-slider__image wp-image-1061\" srcset=\"https:\/\/www.bergland-ellmau.com\/wp-content\/uploads\/2021\/04\/ofp_bergland-aussen_6-scaled.jpg 2560w, https:\/\/www.bergland-ellmau.com\/wp-content\/uploads\/2021\/04\/ofp_bergland-aussen_6-300x200.jpg 300w, https:\/\/www.bergland-ellmau.com\/wp-content\/uploads\/2021\/04\/ofp_bergland-aussen_6-1024x684.jpg 1024w, https:\/\/www.bergland-ellmau.com\/wp-content\/uploads\/2021\/04\/ofp_bergland-aussen_6-768x513.jpg 768w, https:\/\/www.bergland-ellmau.com\/wp-content\/uploads\/2021\/04\/ofp_bergland-aussen_6-1536x1025.jpg 1536w, https:\/\/www.bergland-ellmau.com\/wp-content\/uploads\/2021\/04\/ofp_bergland-aussen_6-2048x1367.jpg 2048w, https:\/\/www.bergland-ellmau.com\/wp-content\/uploads\/2021\/04\/ofp_bergland-aussen_6-1170x781.jpg 1170w\" sizes=\"auto, (max-width: 2560px) 100vw, 2560px\" \/><\/figure><\/a><\/div><div class=\"wp-block-getwid-images-slider__item\"><a href=\"https:\/\/www.bergland-ellmau.com\/wp-content\/uploads\/2021\/04\/Aussenansicht1-scaled.jpg\"><figure><img loading=\"lazy\" decoding=\"async\" width=\"2560\" height=\"1707\" src=\"https:\/\/www.bergland-ellmau.com\/wp-content\/uploads\/2021\/04\/Aussenansicht1-scaled.jpg\" alt=\"Ferienhaus_Bergland_Ellmau_Tirol_Aussen\" data-id=\"1294\" data-link=\"https:\/\/www.bergland-ellmau.com\/index.php\/home\/aussenansicht1\/\" data-original-link=\"https:\/\/www.bergland-ellmau.com\/wp-content\/uploads\/2021\/04\/Aussenansicht1-scaled.jpg\" class=\"wp-block-getwid-images-slider__image wp-image-1294\" srcset=\"https:\/\/www.bergland-ellmau.com\/wp-content\/uploads\/2021\/04\/Aussenansicht1-scaled.jpg 2560w, https:\/\/www.bergland-ellmau.com\/wp-content\/uploads\/2021\/04\/Aussenansicht1-300x200.jpg 300w, https:\/\/www.bergland-ellmau.com\/wp-content\/uploads\/2021\/04\/Aussenansicht1-1024x683.jpg 1024w, https:\/\/www.bergland-ellmau.com\/wp-content\/uploads\/2021\/04\/Aussenansicht1-768x512.jpg 768w, https:\/\/www.bergland-ellmau.com\/wp-content\/uploads\/2021\/04\/Aussenansicht1-1536x1024.jpg 1536w, https:\/\/www.bergland-ellmau.com\/wp-content\/uploads\/2021\/04\/Aussenansicht1-2048x1365.jpg 2048w, https:\/\/www.bergland-ellmau.com\/wp-content\/uploads\/2021\/04\/Aussenansicht1-1170x780.jpg 1170w\" sizes=\"auto, (max-width: 2560px) 100vw, 2560px\" \/><\/figure><\/a><\/div><div class=\"wp-block-getwid-images-slider__item\"><a href=\"https:\/\/www.bergland-ellmau.com\/wp-content\/uploads\/2021\/04\/Wohmzimmer-App-2-scaled-e1618918338340.jpg\"><figure><img loading=\"lazy\" decoding=\"async\" width=\"1200\" height=\"799\" src=\"https:\/\/www.bergland-ellmau.com\/wp-content\/uploads\/2021\/04\/Wohmzimmer-App-2-scaled-e1618918338340.jpg\" alt=\"Ferienhaus_Bergland_Ellmau_Appartement_2_Wohnzimmer_6\" data-id=\"1312\" data-link=\"https:\/\/www.bergland-ellmau.com\/index.php\/accommodation\/ferienhaus-appartement-2\/wohmzimmer-app-2\/\" data-original-link=\"https:\/\/www.bergland-ellmau.com\/wp-content\/uploads\/2021\/04\/Wohmzimmer-App-2-scaled-e1618918338340.jpg\" class=\"wp-block-getwid-images-slider__image wp-image-1312\"\/><\/figure><\/a><\/div><div class=\"wp-block-getwid-images-slider__item\"><a href=\"https:\/\/www.bergland-ellmau.com\/wp-content\/uploads\/2021\/04\/Sauna-3-scaled-e1618918141677.jpg\"><figure><img loading=\"lazy\" decoding=\"async\" width=\"1200\" height=\"799\" src=\"https:\/\/www.bergland-ellmau.com\/wp-content\/uploads\/2021\/04\/Sauna-3-scaled-e1618918141677.jpg\" alt=\"Ferienhaus_Bergland_Ellmau_Sauna_1\" data-id=\"1329\" data-link=\"https:\/\/www.bergland-ellmau.com\/index.php\/accommodation\/ferienhaus-appartement-2\/sauna-3\/\" data-original-link=\"https:\/\/www.bergland-ellmau.com\/wp-content\/uploads\/2021\/04\/Sauna-3-scaled-e1618918141677.jpg\" class=\"wp-block-getwid-images-slider__image wp-image-1329\"\/><\/figure><\/a><\/div><div class=\"wp-block-getwid-images-slider__item\"><a href=\"https:\/\/www.bergland-ellmau.com\/wp-content\/uploads\/2021\/04\/Wohnzimmer-App-2-1-scaled-e1618918288938.jpg\"><figure><img loading=\"lazy\" decoding=\"async\" width=\"1200\" height=\"799\" src=\"https:\/\/www.bergland-ellmau.com\/wp-content\/uploads\/2021\/04\/Wohnzimmer-App-2-1-scaled-e1618918288938.jpg\" alt=\"Ferienhaus_Bergland_Ellmau_Appartement_2_Wohnzimmer_2\" data-id=\"1316\" data-link=\"https:\/\/www.bergland-ellmau.com\/index.php\/accommodation\/ferienhaus-appartement-2\/wohnzimmer-app-2-3\/\" data-original-link=\"https:\/\/www.bergland-ellmau.com\/wp-content\/uploads\/2021\/04\/Wohnzimmer-App-2-1-scaled-e1618918288938.jpg\" class=\"wp-block-getwid-images-slider__image wp-image-1316\"\/><\/figure><\/a><\/div><\/div><\/div>\n<\/div><\/div><\/div><\/div><\/div>\n\n\n\n<div class=\"wp-block-getwid-section alignfull alignfull getwid-margin-top-none getwid-margin-bottom-none getwid-section-content-full-width\"><div class=\"wp-block-getwid-section__wrapper getwid-padding-top-none getwid-padding-bottom-none getwid-padding-left-none getwid-padding-right-none\"><div class=\"wp-block-getwid-section__inner-wrapper\"><div class=\"wp-block-getwid-section__background-holder\"><div class=\"wp-block-getwid-section__background\"><\/div><div class=\"wp-block-getwid-section__foreground\"><\/div><\/div><div class=\"wp-block-getwid-section__content\"><div class=\"wp-block-getwid-section__inner-content\">\n<div data-map-zoom=\"18\" data-interaction=\"cooperative\" data-map-style=\"default\" data-map-center=\"{&quot;lat&quot;:47.51421330323138,&quot;lng&quot;:12.303479934954241}\" data-zoom-control=\"true\" data-type-control=\"false\" data-street-view-control=\"false\" data-full-screen-control=\"true\" data-map-markers=\"[{&quot;name&quot;:&quot;Birkenweg 24&quot;,&quot;description&quot;:&quot;&quot;,&quot;popUpOpen&quot;:false,&quot;popUpMaxWidth&quot;:250,&quot;bounce&quot;:false,&quot;coords&quot;:{&quot;lat&quot;:47.514197350625324,&quot;lng&quot;:12.303630816779316}},{&quot;name&quot;:&quot;#2&quot;,&quot;description&quot;:&quot;&quot;,&quot;popUpOpen&quot;:false,&quot;popUpMaxWidth&quot;:250,&quot;bounce&quot;:false,&quot;coords&quot;:{&quot;lat&quot;:0,&quot;lng&quot;:0}},{&quot;name&quot;:&quot;#3&quot;,&quot;description&quot;:&quot;&quot;,&quot;popUpOpen&quot;:false,&quot;popUpMaxWidth&quot;:250,&quot;bounce&quot;:false,&quot;coords&quot;:{&quot;lat&quot;:0,&quot;lng&quot;:0}}]\" class=\"wp-block-getwid-map\"><div style=\"height:580px\" class=\"wp-block-getwid-map__container\"><\/div><ul class=\"wp-block-getwid-map__points\"><li><a href=\"https:\/\/maps.google.com\/?q=47.514197350625324,12.303630816779316&amp;ll=47.514197350625324,12.303630816779316&amp;z=18\">Birkenweg 24<\/a><\/li><li><a href=\"https:\/\/maps.google.com\/?q=0,0&amp;ll=0,0&amp;z=18\">#2<\/a><\/li><li><a href=\"https:\/\/maps.google.com\/?q=0,0&amp;ll=0,0&amp;z=18\">#3<\/a><\/li><\/ul><\/div>\n<\/div><\/div><\/div><\/div><\/div>\n\n\n\n<p><\/p>\n","protected":false},"excerpt":{"rendered":"<p>Umrahmt vom idyllischen Panorama der Tiroler Berge laden das Caf\u00e9-Restaurant Bergland mit seinen gem\u00fctlichen Appartements im Haus sowie weitere Appartements im nahegelegenen Ferienhaus Marianne zum Entspannen vom hektischen Alltag ein. Mit dem Blick auf den Wilden Kaiser f\u00e4llt das Abschalten besonders leicht. Ob bei einem frisch gebr\u00fchten Kaffee, unserem \u00fcber die Landesgrenzen hinaus bekannten und [&hellip;]<\/p>\n","protected":false},"author":1,"featured_media":0,"parent":0,"menu_order":0,"comment_status":"closed","ping_status":"closed","template":"template-front-page.php","meta":{"inline_featured_image":false,"footnotes":""},"class_list":["post-1028","page","type-page","status-publish","hentry"],"_links":{"self":[{"href":"https:\/\/www.bergland-ellmau.com\/index.php\/wp-json\/wp\/v2\/pages\/1028","targetHints":{"allow":["GET"]}}],"collection":[{"href":"https:\/\/www.bergland-ellmau.com\/index.php\/wp-json\/wp\/v2\/pages"}],"about":[{"href":"https:\/\/www.bergland-ellmau.com\/index.php\/wp-json\/wp\/v2\/types\/page"}],"author":[{"embeddable":true,"href":"https:\/\/www.bergland-ellmau.com\/index.php\/wp-json\/wp\/v2\/users\/1"}],"replies":[{"embeddable":true,"href":"https:\/\/www.bergland-ellmau.com\/index.php\/wp-json\/wp\/v2\/comments?post=1028"}],"version-history":[{"count":98,"href":"https:\/\/www.bergland-ellmau.com\/index.php\/wp-json\/wp\/v2\/pages\/1028\/revisions"}],"predecessor-version":[{"id":1755,"href":"https:\/\/www.bergland-ellmau.com\/index.php\/wp-json\/wp\/v2\/pages\/1028\/revisions\/1755"}],"wp:attachment":[{"href":"https:\/\/www.bergland-ellmau.com\/index.php\/wp-json\/wp\/v2\/media?parent=1028"}],"curies":[{"name":"wp","href":"https:\/\/api.w.org\/{rel}","templated":true}]}}