{"id":317,"date":"2019-06-12T11:59:52","date_gmt":"2019-06-12T11:59:52","guid":{"rendered":"https:\/\/themes.getmotopress.com\/luviana\/?page_id=317"},"modified":"2021-06-15T06:47:04","modified_gmt":"2021-06-15T06:47:04","slug":"impressum","status":"publish","type":"page","link":"https:\/\/www.bergland-ellmau.com\/index.php\/impressum\/","title":{"rendered":"Impressum"},"content":{"rendered":"\n<p>Verantwortlich f\u00fcr die Inhalte, Anbieter der Seite:<\/p>\n\n\n\n<h2 class=\"wp-block-heading\">Kontakt<\/h2>\n\n\n\n<p>Cafe Bergland<br>Marianne Kr\u00f6ll<br>Birkenweg 24<br>6352 Ellmau<br>\u00d6sterreich<br>E-mail:&nbsp;<a href=\"mailto:appartements@bergland-ellmau.com\">appartements@bergland-ellmau.com<br><\/a>Internet:&nbsp;<a href=\"http:\/\/www.bergland-ellmau.at\/\">www.bergland-ellmau.at<\/a><br><a href=\"tel:+4353582270\">+43 (0)5358 2270<\/a><br><a href=\"tel:+436649747388\">+43 (0)664 97 4 7388<\/a><\/p>\n\n\n\n<p>USt-IdNr. AT68482368<\/p>\n\n\n\n<h3 class=\"wp-block-heading\">Bildernachweis:<\/h3>\n\n\n\n<p>\u00b0&nbsp;Cafe Bergland<br>\u00b0 Das Innovative Auge<br>\u00b0 TVB Wilder Kaiser<\/p>\n\n\n\n<h3 class=\"wp-block-heading\">Datenschutzerkl\u00e4rung<\/h3>\n\n\n\n<p>Diese Website benutzt Google Analytics, einen Webanalysedienst der Google Inc. (\u201eGoogle\u201c). Google Analytics verwendet sog. \u201e<a href=\"https:\/\/www.ithelps.at\/408-cookie\">Cookies<\/a>\u201e, Textdateien, die auf Ihrem Computer gespeichert werden und die eine Analyse der Benutzung der Website durch Sie erm\u00f6glichen. Die durch den Cookie erzeugten Informationen \u00fcber Ihre Benutzung dieser Website (einschlie\u00dflich Ihrer&nbsp;<a href=\"https:\/\/www.ithelps.at\/16-ip-adresse\">IP-Adresse<\/a>) wird an einen&nbsp;<a href=\"https:\/\/www.ithelps.at\/10-server\">Server<\/a>&nbsp;von Google in den USA \u00fcbertragen und dort gespeichert. Google wird diese Informationen benutzen, um Ihre Nutzung der Website auszuwerten, um Reports \u00fcber die Websiteaktivit\u00e4ten f\u00fcr die Websitebetreiber zusammenzustellen und um weitere mit der Websitenutzung und der Internetnutzung verbundene Dienstleistungen zu erbringen. Auch wird Google diese Informationen gegebenenfalls an Dritte \u00fcbertragen, sofern dies gesetzlich vorgeschrieben oder soweit Dritte diese Daten im Auftrag von Google verarbeiten. Google wird in keinem Fall Ihre IP-Adresse mit anderen Daten von Google in Verbindung bringen. Sie k\u00f6nnen die Installation der Cookies durch eine entsprechende Einstellung Ihrer&nbsp;<a href=\"https:\/\/www.ithelps.at\/35-browser\">Browser<\/a>&nbsp;<a href=\"https:\/\/www.ithelps.at\/25-software\">Software<\/a>&nbsp;verhindern; wir weisen Sie jedoch darauf hin, dass Sie in diesem Fall gegebenenfalls nicht s\u00e4mtliche Funktionen dieser Website vollumf\u00e4nglich nutzen k\u00f6nnen. Dieses Impressum wurde von&nbsp;<a href=\"http:\/\/www.das-innovative-auge.at\/\">www.das-innovative-auge.at&nbsp;<\/a>zur Verf\u00fcgung gestellt.<\/p>\n\n\n\n<p>Durch die Nutzung dieser Website erkl\u00e4ren Sie sich mit der Bearbeitung der \u00fcber Sie erhobenen Daten durch Google in der zuvor beschriebenen Art und Weise und zu dem zuvor benannten Zweck einverstanden. Der Datenerhebung und -speicherung kann&nbsp;<a href=\"http:\/\/tools.google.com\/dlpage\/gaoptout?hl=de\" target=\"_blank\" rel=\"noreferrer noopener\">jederzeit mit Wirkung f\u00fcr die Zukunft widersprochen<\/a>&nbsp;werden. Angesichts der Diskussion um den Einsatz von Analysetools mit vollst\u00e4ndigen IP-Adressen m\u00f6chten wir darauf hinweisen, dass diese Website Google Analytics mit der Erweiterung \u201e_anonymizeIp()\u201c verwendet und daher IP-Adressen nur gek\u00fcrzt weiterverarbeitet werden, um eine direkte Personenbeziehbarkeit auszuschlie\u00dfen.<\/p>\n\n\n\n<h3 class=\"wp-block-heading\">Haftungsausschluss<\/h3>\n\n\n\n<p><strong>Haftung f\u00fcr Inhalte<\/strong><br>Die Inhalte unserer Seiten wurden mit gr\u00f6\u00dfter Sorgfalt erstellt. F\u00fcr die Richtigkeit, Vollst\u00e4ndigkeit und Aktualit\u00e4t der Inhalte k\u00f6nnen wir jedoch keine Gew\u00e4hr \u00fcbernehmen. Als Diensteanbieter sind wir gem\u00e4\u00df \u00a7 7 Abs.1 TMG f\u00fcr eigene Inhalte auf diesen Seiten nach den allgemeinen Gesetzen verantwortlich. Nach \u00a7\u00a7 8 bis 10 TMG sind wir als Diensteanbieter jedoch nicht verpflichtet, \u00fcbermittelte oder gespeicherte fremde Informationen zu \u00fcberwachen oder nach Umst\u00e4nden zu forschen, die auf eine rechtswidrige T\u00e4tigkeit hinweisen. Verpflichtungen zur Entfernung oder Sperrung der Nutzung von Informationen nach den allgemeinen Gesetzen bleiben hiervon unber\u00fchrt. Eine diesbez\u00fcgliche Haftung ist jedoch erst ab dem Zeitpunkt der Kenntnis einer konkreten Rechtsverletzung m\u00f6glich. Bei Bekanntwerden von entsprechenden Rechtsverletzungen werden wir diese Inhalte umgehend entfernen.<\/p>\n\n\n\n<p><strong>Haftung f\u00fcr Links<\/strong><br>Unser Angebot enth\u00e4lt Links zu externen Webseiten Dritter, auf deren Inhalte wir keinen Einfluss haben. Deshalb k\u00f6nnen wir f\u00fcr diese fremden Inhalte auch keine Gew\u00e4hr \u00fcbernehmen. F\u00fcr die Inhalte der verlinkten Seiten ist stets der jeweilige Anbieter oder Betreiber der Seiten verantwortlich. Die verlinkten Seiten wurden zum Zeitpunkt der Verlinkung auf m\u00f6gliche Rechtsverst\u00f6\u00dfe \u00fcberpr\u00fcft. Rechtswidrige Inhalte waren zum Zeitpunkt der Verlinkung nicht erkennbar. Eine permanente inhaltliche Kontrolle der verlinkten Seiten ist jedoch ohne konkrete Anhaltspunkte einer Rechtsverletzung nicht zumutbar. Bei Bekanntwerden von Rechtsverletzungen werden wir derartige Links umgehend entfernen.<\/p>\n\n\n\n<p><strong>Urheberrecht<\/strong><br>\u00a9 Copyright Cafe Bergland. Alle Rechte vorbehalten. Text, Bilder, Grafiken, Sound, Animationen und Videos unterliegen dem Schutz des Urheberrechts und anderer Schutzgesetze. Grunds\u00e4tzlich ist es nicht erlaubt, Informationen, die sich auf dieser Webseite befinden, in jedweder Form zu kopieren, zu reproduzieren, zu ver\u00f6ffentlichen oder in anderer Form zu verteilen. Es ist lediglich erlaubt, dass Sie zum privaten und nichtkommerziellen Gebrauch eine Kopie des Materials auf einen einzelnen Computer herunterladen, vorausgesetzt, dass Sie s\u00e4mtliche Hinweise \u00fcber Urheberrechte und sonstige Schutzrechte nicht ver\u00e4ndern oder l\u00f6schen. Eine etwaige Verlinkung ist nur mit unserer Zustimmung erlaubt.<\/p>\n","protected":false},"excerpt":{"rendered":"<p>Verantwortlich f\u00fcr die Inhalte, Anbieter der Seite: Kontakt Cafe BerglandMarianne Kr\u00f6llBirkenweg 246352 Ellmau\u00d6sterreichE-mail:&nbsp;appartements@bergland-ellmau.comInternet:&nbsp;www.bergland-ellmau.at+43 (0)5358 2270+43 (0)664 97 4 7388 USt-IdNr. AT68482368 Bildernachweis: \u00b0&nbsp;Cafe Bergland\u00b0 Das Innovative Auge\u00b0 TVB Wilder Kaiser Datenschutzerkl\u00e4rung Diese Website benutzt Google Analytics, einen Webanalysedienst der Google Inc. (\u201eGoogle\u201c). Google Analytics verwendet sog. \u201eCookies\u201e, Textdateien, die auf Ihrem Computer gespeichert werden und [&hellip;]<\/p>\n","protected":false},"author":1,"featured_media":0,"parent":0,"menu_order":0,"comment_status":"closed","ping_status":"closed","template":"","meta":{"inline_featured_image":false,"footnotes":""},"class_list":["post-317","page","type-page","status-publish","hentry"],"_links":{"self":[{"href":"https:\/\/www.bergland-ellmau.com\/index.php\/wp-json\/wp\/v2\/pages\/317","targetHints":{"allow":["GET"]}}],"collection":[{"href":"https:\/\/www.bergland-ellmau.com\/index.php\/wp-json\/wp\/v2\/pages"}],"about":[{"href":"https:\/\/www.bergland-ellmau.com\/index.php\/wp-json\/wp\/v2\/types\/page"}],"author":[{"embeddable":true,"href":"https:\/\/www.bergland-ellmau.com\/index.php\/wp-json\/wp\/v2\/users\/1"}],"replies":[{"embeddable":true,"href":"https:\/\/www.bergland-ellmau.com\/index.php\/wp-json\/wp\/v2\/comments?post=317"}],"version-history":[{"count":4,"href":"https:\/\/www.bergland-ellmau.com\/index.php\/wp-json\/wp\/v2\/pages\/317\/revisions"}],"predecessor-version":[{"id":1527,"href":"https:\/\/www.bergland-ellmau.com\/index.php\/wp-json\/wp\/v2\/pages\/317\/revisions\/1527"}],"wp:attachment":[{"href":"https:\/\/www.bergland-ellmau.com\/index.php\/wp-json\/wp\/v2\/media?parent=317"}],"curies":[{"name":"wp","href":"https:\/\/api.w.org\/{rel}","templated":true}]}}